{"id":1881,"date":"2023-08-27T00:03:39","date_gmt":"2023-08-26T22:03:39","guid":{"rendered":"http:\/\/lrphotobooth.fr\/?page_id=2"},"modified":"2023-08-27T00:03:39","modified_gmt":"2023-08-26T22:03:39","slug":"page-d-exemple-2","status":"publish","type":"page","link":"https:\/\/lrphotobooth.fr\/index.php\/page-d-exemple-2\/","title":{"rendered":"LOCATION BORNE PHOTO"},"content":{"rendered":"\n<figure class=\"wp-block-image\"><img decoding=\"async\" src=\"http:\/\/lrphotobooth.fr\/wp-content\/uploads\/2023\/08\/Taille_originale__Black_and_White_Elegant_Photography_Initials_Logo-removebg-preview-1.png\" alt=\"_Taille_originale__Black_and_White_Elegant_Photography_Initials_Logo-removebg-preview\" title=\"_Taille_originale__Black_and_White_Elegant_Photography_Initials_Logo-removebg-preview\"\/><\/figure>\n\n\n\n<figure class=\"wp-block-image\"><img decoding=\"async\" src=\"http:\/\/lrphotobooth.fr\/wp-content\/uploads\/2023\/08\/Quotation_mark.svg\" alt=\"Quotation_mark.svg\" title=\"Quotation_mark.svg\"\/><\/figure>\n\n\n\n<figure class=\"wp-block-image\"><img decoding=\"async\" src=\"http:\/\/lrphotobooth.fr\/wp-content\/uploads\/2023\/08\/girls-posing-party-1-scaled.jpg\" alt=\"girls-posing-party\" title=\"girls-posing-party\"\/><\/figure>\n\n\n\n<p><strong>Faites p\u00e9ter les sourires<\/strong> <strong>avec notre service de<\/strong> P<strong>hotobooth d\u00e9lirant !<\/strong><\/p>\n\n\n\n<p><mark>A<em>joutez une touche de fun<\/em> <em>\u00e0 tous vos<\/em> <em>\u00e9v\u00e9nements sp\u00e9ciaux<\/em><\/mark><\/p>\n\n\n\n<blockquote class=\"wp-block-quote is-layout-flow wp-block-quote-is-layout-flow\">\n<p>Pr\u00e9parez vous \u00e0 vivre des moments de folie avec notre service de photobooth survolt\u00e9 !<\/p>\n\n\n\n<p>Que ce soit pour un mariage, une f\u00eate d&rsquo;anniversaire, un \u00e9v\u00e9nement d&rsquo;entreprise ou une soir\u00e9e endiabl\u00e9e, notre \u00e9quipe est pr\u00eate \u00e0 vous offrir une exp\u00e9rience compl\u00e8tement d\u00e9jant\u00e9e !<\/p>\n<\/blockquote>\n\n\n\n<h2 class=\"wp-block-heading\">R\u00e9server chez LR Photobooth c&rsquo;est : <\/h2>\n\n\n\n<p><strong>Des photos qui d\u00e9chirent<\/strong> :<\/p>\n\n\n\n<p>Nos gadgets de haute technologie et nos accessoires vous garantissent des clich\u00e9s qui vont vous faire mourir de rire ! Sourires, grimaces, poses d\u00e9lirantes, tout est permis pour des photos m\u00e9morables.<\/p>\n\n\n\n<p><strong>Personnalisation sans limite<\/strong> : <\/p>\n\n\n\n<p>Du style vintage au style disco, en passant par les super-h\u00e9ros et les licornes, choisissez votre th\u00e8mes et votre d\u00e9cors pour personnaliser vos photos \u00e0 votre go\u00fbt.<\/p>\n\n\n\n<p><strong>Tout le monde sur le pont :<\/strong><\/p>\n\n\n\n<p>Que vous soyez petits ou grands, timides ou extravertis, notre photobooth est l\u00e0 pour vous aire vibrer.<\/p>\n\n\n\n<p>Rassemblez vos amis, votre famille ou vos coll\u00e8gues et cr\u00e9ez des souvenirs compl\u00e8tement d\u00e9cal\u00e9s tous ensemble !<\/p>\n\n\n\n<p><strong>Instantan\u00e9it\u00e9 et partage de ouf :<\/strong><\/p>\n\n\n\n<p>Nos photos sortent de l&rsquo;imprimante en un \u00e9clair, pr\u00eates \u00e0 \u00eatre brandies fi\u00e8rement !<\/p>\n\n\n\n<p><strong><mark>Pr\u00e9parez-vous \u00e0 faire le show et contactez-nous d\u00e8s maintenant pour r\u00e9server notre photobooth de la folie pour votre prochain \u00e9v\u00e9nement.<\/mark><\/strong><\/p>\n\n\n\n<p><strong>Ne manquez pas cette occasion de faire p\u00e9ter les sourires et de cr\u00e9er des souvenirs d\u00e9jant\u00e9s !<\/strong><\/p>\n\n\n\n<p><\/p>\n","protected":false},"excerpt":{"rendered":"<p>Faites p\u00e9ter les sourires avec notre service de Photobooth d\u00e9lirant ! Ajoutez une touche de fun \u00e0 tous vos \u00e9v\u00e9nements sp\u00e9ciaux Pr\u00e9parez vous \u00e0 vivre des moments de folie avec notre service de photobooth survolt\u00e9 ! Que ce soit pour un mariage, une f\u00eate d&rsquo;anniversaire, un \u00e9v\u00e9nement d&rsquo;entreprise ou une soir\u00e9e endiabl\u00e9e, notre \u00e9quipe est [&hellip;]<\/p>\n","protected":false},"author":3,"featured_media":0,"parent":0,"menu_order":0,"comment_status":"closed","ping_status":"open","template":"","meta":{"pgc_sgb_lightbox_settings":"","footnotes":""},"class_list":["post-1881","page","type-page","status-publish","hentry"],"blocksy_meta":[],"yoast_head":"<!-- This site is optimized with the Yoast SEO plugin v27.3 - https:\/\/yoast.com\/product\/yoast-seo-wordpress\/ -->\n<title>LOCATION BORNE PHOTO - LR PHOTOBOOTH<\/title>\n<meta name=\"robots\" content=\"index, follow, max-snippet:-1, max-image-preview:large, max-video-preview:-1\" \/>\n<link rel=\"canonical\" href=\"https:\/\/lrphotobooth.fr\/index.php\/page-d-exemple-2\/\" \/>\n<meta property=\"og:locale\" content=\"fr_FR\" \/>\n<meta property=\"og:type\" content=\"article\" \/>\n<meta property=\"og:title\" content=\"LOCATION BORNE PHOTO - LR PHOTOBOOTH\" \/>\n<meta property=\"og:description\" content=\"Faites p\u00e9ter les sourires avec notre service de Photobooth d\u00e9lirant ! Ajoutez une touche de fun \u00e0 tous vos \u00e9v\u00e9nements sp\u00e9ciaux Pr\u00e9parez vous \u00e0 vivre des moments de folie avec notre service de photobooth survolt\u00e9 ! Que ce soit pour un mariage, une f\u00eate d&rsquo;anniversaire, un \u00e9v\u00e9nement d&rsquo;entreprise ou une soir\u00e9e endiabl\u00e9e, notre \u00e9quipe est [&hellip;]\" \/>\n<meta property=\"og:url\" content=\"https:\/\/lrphotobooth.fr\/index.php\/page-d-exemple-2\/\" \/>\n<meta property=\"og:site_name\" content=\"LR PHOTOBOOTH\" \/>\n<meta property=\"og:image\" content=\"http:\/\/lrphotobooth.fr\/wp-content\/uploads\/2023\/08\/Taille_originale__Black_and_White_Elegant_Photography_Initials_Logo-removebg-preview-1.png\" \/>\n<meta name=\"twitter:card\" content=\"summary_large_image\" \/>\n<meta name=\"twitter:label1\" content=\"Dur\u00e9e de lecture estim\u00e9e\" \/>\n\t<meta name=\"twitter:data1\" content=\"1 minute\" \/>\n<script type=\"application\/ld+json\" class=\"yoast-schema-graph\">{\"@context\":\"https:\\\/\\\/schema.org\",\"@graph\":[{\"@type\":\"WebPage\",\"@id\":\"https:\\\/\\\/lrphotobooth.fr\\\/index.php\\\/page-d-exemple-2\\\/\",\"url\":\"https:\\\/\\\/lrphotobooth.fr\\\/index.php\\\/page-d-exemple-2\\\/\",\"name\":\"LOCATION BORNE PHOTO - LR PHOTOBOOTH\",\"isPartOf\":{\"@id\":\"https:\\\/\\\/lrphotobooth.fr\\\/#website\"},\"primaryImageOfPage\":{\"@id\":\"https:\\\/\\\/lrphotobooth.fr\\\/index.php\\\/page-d-exemple-2\\\/#primaryimage\"},\"image\":{\"@id\":\"https:\\\/\\\/lrphotobooth.fr\\\/index.php\\\/page-d-exemple-2\\\/#primaryimage\"},\"thumbnailUrl\":\"http:\\\/\\\/lrphotobooth.fr\\\/wp-content\\\/uploads\\\/2023\\\/08\\\/Taille_originale__Black_and_White_Elegant_Photography_Initials_Logo-removebg-preview-1.png\",\"datePublished\":\"2023-08-26T22:03:39+00:00\",\"breadcrumb\":{\"@id\":\"https:\\\/\\\/lrphotobooth.fr\\\/index.php\\\/page-d-exemple-2\\\/#breadcrumb\"},\"inLanguage\":\"fr-FR\",\"potentialAction\":[{\"@type\":\"ReadAction\",\"target\":[\"https:\\\/\\\/lrphotobooth.fr\\\/index.php\\\/page-d-exemple-2\\\/\"]}]},{\"@type\":\"ImageObject\",\"inLanguage\":\"fr-FR\",\"@id\":\"https:\\\/\\\/lrphotobooth.fr\\\/index.php\\\/page-d-exemple-2\\\/#primaryimage\",\"url\":\"http:\\\/\\\/lrphotobooth.fr\\\/wp-content\\\/uploads\\\/2023\\\/08\\\/Taille_originale__Black_and_White_Elegant_Photography_Initials_Logo-removebg-preview-1.png\",\"contentUrl\":\"http:\\\/\\\/lrphotobooth.fr\\\/wp-content\\\/uploads\\\/2023\\\/08\\\/Taille_originale__Black_and_White_Elegant_Photography_Initials_Logo-removebg-preview-1.png\"},{\"@type\":\"BreadcrumbList\",\"@id\":\"https:\\\/\\\/lrphotobooth.fr\\\/index.php\\\/page-d-exemple-2\\\/#breadcrumb\",\"itemListElement\":[{\"@type\":\"ListItem\",\"position\":1,\"name\":\"Home\",\"item\":\"https:\\\/\\\/lrphotobooth.fr\\\/\"},{\"@type\":\"ListItem\",\"position\":2,\"name\":\"LOCATION BORNE PHOTO\"}]},{\"@type\":\"WebSite\",\"@id\":\"https:\\\/\\\/lrphotobooth.fr\\\/#website\",\"url\":\"https:\\\/\\\/lrphotobooth.fr\\\/\",\"name\":\"LR PHOTOBOOTH\",\"description\":\"UN FLASH DE BONHEUR\",\"publisher\":{\"@id\":\"https:\\\/\\\/lrphotobooth.fr\\\/#organization\"},\"potentialAction\":[{\"@type\":\"SearchAction\",\"target\":{\"@type\":\"EntryPoint\",\"urlTemplate\":\"https:\\\/\\\/lrphotobooth.fr\\\/?s={search_term_string}\"},\"query-input\":{\"@type\":\"PropertyValueSpecification\",\"valueRequired\":true,\"valueName\":\"search_term_string\"}}],\"inLanguage\":\"fr-FR\"},{\"@type\":\"Organization\",\"@id\":\"https:\\\/\\\/lrphotobooth.fr\\\/#organization\",\"name\":\"LR PHOTOBOOTH\",\"url\":\"https:\\\/\\\/lrphotobooth.fr\\\/\",\"logo\":{\"@type\":\"ImageObject\",\"inLanguage\":\"fr-FR\",\"@id\":\"https:\\\/\\\/lrphotobooth.fr\\\/#\\\/schema\\\/logo\\\/image\\\/\",\"url\":\"https:\\\/\\\/lrphotobooth.fr\\\/wp-content\\\/uploads\\\/2021\\\/07\\\/logo-dark.svg\",\"contentUrl\":\"https:\\\/\\\/lrphotobooth.fr\\\/wp-content\\\/uploads\\\/2021\\\/07\\\/logo-dark.svg\",\"width\":58,\"height\":45,\"caption\":\"LR PHOTOBOOTH\"},\"image\":{\"@id\":\"https:\\\/\\\/lrphotobooth.fr\\\/#\\\/schema\\\/logo\\\/image\\\/\"}}]}<\/script>\n<!-- \/ Yoast SEO plugin. -->","yoast_head_json":{"title":"LOCATION BORNE PHOTO - LR PHOTOBOOTH","robots":{"index":"index","follow":"follow","max-snippet":"max-snippet:-1","max-image-preview":"max-image-preview:large","max-video-preview":"max-video-preview:-1"},"canonical":"https:\/\/lrphotobooth.fr\/index.php\/page-d-exemple-2\/","og_locale":"fr_FR","og_type":"article","og_title":"LOCATION BORNE PHOTO - LR PHOTOBOOTH","og_description":"Faites p\u00e9ter les sourires avec notre service de Photobooth d\u00e9lirant ! Ajoutez une touche de fun \u00e0 tous vos \u00e9v\u00e9nements sp\u00e9ciaux Pr\u00e9parez vous \u00e0 vivre des moments de folie avec notre service de photobooth survolt\u00e9 ! Que ce soit pour un mariage, une f\u00eate d&rsquo;anniversaire, un \u00e9v\u00e9nement d&rsquo;entreprise ou une soir\u00e9e endiabl\u00e9e, notre \u00e9quipe est [&hellip;]","og_url":"https:\/\/lrphotobooth.fr\/index.php\/page-d-exemple-2\/","og_site_name":"LR PHOTOBOOTH","og_image":[{"url":"http:\/\/lrphotobooth.fr\/wp-content\/uploads\/2023\/08\/Taille_originale__Black_and_White_Elegant_Photography_Initials_Logo-removebg-preview-1.png","type":"","width":"","height":""}],"twitter_card":"summary_large_image","twitter_misc":{"Dur\u00e9e de lecture estim\u00e9e":"1 minute"},"schema":{"@context":"https:\/\/schema.org","@graph":[{"@type":"WebPage","@id":"https:\/\/lrphotobooth.fr\/index.php\/page-d-exemple-2\/","url":"https:\/\/lrphotobooth.fr\/index.php\/page-d-exemple-2\/","name":"LOCATION BORNE PHOTO - LR PHOTOBOOTH","isPartOf":{"@id":"https:\/\/lrphotobooth.fr\/#website"},"primaryImageOfPage":{"@id":"https:\/\/lrphotobooth.fr\/index.php\/page-d-exemple-2\/#primaryimage"},"image":{"@id":"https:\/\/lrphotobooth.fr\/index.php\/page-d-exemple-2\/#primaryimage"},"thumbnailUrl":"http:\/\/lrphotobooth.fr\/wp-content\/uploads\/2023\/08\/Taille_originale__Black_and_White_Elegant_Photography_Initials_Logo-removebg-preview-1.png","datePublished":"2023-08-26T22:03:39+00:00","breadcrumb":{"@id":"https:\/\/lrphotobooth.fr\/index.php\/page-d-exemple-2\/#breadcrumb"},"inLanguage":"fr-FR","potentialAction":[{"@type":"ReadAction","target":["https:\/\/lrphotobooth.fr\/index.php\/page-d-exemple-2\/"]}]},{"@type":"ImageObject","inLanguage":"fr-FR","@id":"https:\/\/lrphotobooth.fr\/index.php\/page-d-exemple-2\/#primaryimage","url":"http:\/\/lrphotobooth.fr\/wp-content\/uploads\/2023\/08\/Taille_originale__Black_and_White_Elegant_Photography_Initials_Logo-removebg-preview-1.png","contentUrl":"http:\/\/lrphotobooth.fr\/wp-content\/uploads\/2023\/08\/Taille_originale__Black_and_White_Elegant_Photography_Initials_Logo-removebg-preview-1.png"},{"@type":"BreadcrumbList","@id":"https:\/\/lrphotobooth.fr\/index.php\/page-d-exemple-2\/#breadcrumb","itemListElement":[{"@type":"ListItem","position":1,"name":"Home","item":"https:\/\/lrphotobooth.fr\/"},{"@type":"ListItem","position":2,"name":"LOCATION BORNE PHOTO"}]},{"@type":"WebSite","@id":"https:\/\/lrphotobooth.fr\/#website","url":"https:\/\/lrphotobooth.fr\/","name":"LR PHOTOBOOTH","description":"UN FLASH DE BONHEUR","publisher":{"@id":"https:\/\/lrphotobooth.fr\/#organization"},"potentialAction":[{"@type":"SearchAction","target":{"@type":"EntryPoint","urlTemplate":"https:\/\/lrphotobooth.fr\/?s={search_term_string}"},"query-input":{"@type":"PropertyValueSpecification","valueRequired":true,"valueName":"search_term_string"}}],"inLanguage":"fr-FR"},{"@type":"Organization","@id":"https:\/\/lrphotobooth.fr\/#organization","name":"LR PHOTOBOOTH","url":"https:\/\/lrphotobooth.fr\/","logo":{"@type":"ImageObject","inLanguage":"fr-FR","@id":"https:\/\/lrphotobooth.fr\/#\/schema\/logo\/image\/","url":"https:\/\/lrphotobooth.fr\/wp-content\/uploads\/2021\/07\/logo-dark.svg","contentUrl":"https:\/\/lrphotobooth.fr\/wp-content\/uploads\/2021\/07\/logo-dark.svg","width":58,"height":45,"caption":"LR PHOTOBOOTH"},"image":{"@id":"https:\/\/lrphotobooth.fr\/#\/schema\/logo\/image\/"}}]}},"_links":{"self":[{"href":"https:\/\/lrphotobooth.fr\/index.php\/wp-json\/wp\/v2\/pages\/1881","targetHints":{"allow":["GET"]}}],"collection":[{"href":"https:\/\/lrphotobooth.fr\/index.php\/wp-json\/wp\/v2\/pages"}],"about":[{"href":"https:\/\/lrphotobooth.fr\/index.php\/wp-json\/wp\/v2\/types\/page"}],"author":[{"embeddable":true,"href":"https:\/\/lrphotobooth.fr\/index.php\/wp-json\/wp\/v2\/users\/3"}],"replies":[{"embeddable":true,"href":"https:\/\/lrphotobooth.fr\/index.php\/wp-json\/wp\/v2\/comments?post=1881"}],"version-history":[{"count":0,"href":"https:\/\/lrphotobooth.fr\/index.php\/wp-json\/wp\/v2\/pages\/1881\/revisions"}],"wp:attachment":[{"href":"https:\/\/lrphotobooth.fr\/index.php\/wp-json\/wp\/v2\/media?parent=1881"}],"curies":[{"name":"wp","href":"https:\/\/api.w.org\/{rel}","templated":true}]}}