{"id":41,"date":"2023-08-27T12:09:28","date_gmt":"2023-08-27T10:09:28","guid":{"rendered":"https:\/\/lrphotobooth.fr\/?page_id=41"},"modified":"2025-09-27T20:49:44","modified_gmt":"2025-09-27T20:49:44","slug":"contact-lr-photobooth","status":"publish","type":"page","link":"https:\/\/lrphotobooth.fr\/index.php\/contact-lr-photobooth\/","title":{"rendered":"Contact"},"content":{"rendered":"\n<figure class=\"wp-block-image aligncenter size-full is-resized\"><img fetchpriority=\"high\" decoding=\"async\" width=\"500\" height=\"500\" src=\"https:\/\/lrphotobooth.fr\/wp-content\/uploads\/2025\/09\/lr-photobooth-mini.png\" alt=\"\" class=\"wp-image-3357\" style=\"width:202px;height:auto\" srcset=\"https:\/\/lrphotobooth.fr\/wp-content\/uploads\/2025\/09\/lr-photobooth-mini.png 500w, https:\/\/lrphotobooth.fr\/wp-content\/uploads\/2025\/09\/lr-photobooth-mini-300x300.png 300w, https:\/\/lrphotobooth.fr\/wp-content\/uploads\/2025\/09\/lr-photobooth-mini-150x150.png 150w\" sizes=\"(max-width: 500px) 100vw, 500px\" \/><\/figure>\n\n\n\n<figure class=\"wp-block-image size-large is-resized\"><img decoding=\"async\" width=\"1024\" height=\"512\" src=\"https:\/\/lrphotobooth.fr\/wp-content\/uploads\/2025\/09\/wordpress-lr-photobooth-1024x512.png\" alt=\"BORNE PHOTO LR\" class=\"wp-image-3359\" style=\"width:1233px;height:auto\" srcset=\"https:\/\/lrphotobooth.fr\/wp-content\/uploads\/2025\/09\/wordpress-lr-photobooth-1024x512.png 1024w, https:\/\/lrphotobooth.fr\/wp-content\/uploads\/2025\/09\/wordpress-lr-photobooth-300x150.png 300w, https:\/\/lrphotobooth.fr\/wp-content\/uploads\/2025\/09\/wordpress-lr-photobooth-768x384.png 768w, https:\/\/lrphotobooth.fr\/wp-content\/uploads\/2025\/09\/wordpress-lr-photobooth-1536x768.png 1536w\" sizes=\"(max-width: 1024px) 100vw, 1024px\" \/><figcaption class=\"wp-element-caption\">BAS RHIN<\/figcaption><\/figure>\n\n\n\n<h2 class=\"wp-block-heading\">Contactez moi<\/h2>\n\n\n<div class=\"wpforms-container wpforms-block wpforms-block-5996f356-2574-41b1-bd09-09f5750a8206\" id=\"wpforms-57\"><form id=\"wpforms-form-57\" class=\"wpforms-validate wpforms-form wpforms-ajax-form\" data-formid=\"57\" method=\"post\" enctype=\"multipart\/form-data\" action=\"\/index.php\/wp-json\/wp\/v2\/pages\/41\" data-token=\"bb432deb16e9acf5307f33e72f99fae9\" data-token-time=\"1775467784\"><noscript class=\"wpforms-error-noscript\">Veuillez activer JavaScript dans votre navigateur pour remplir ce formulaire.<\/noscript><div class=\"wpforms-field-container\"><div id=\"wpforms-57-field_11-container\" class=\"wpforms-field wpforms-field-checkbox\" data-field-id=\"11\"><label class=\"wpforms-field-label\">En soumettant ce formulaire, j\u2019accepte que les informations saisies soient utilis\u00e9es par LR Photobooth uniquement pour r\u00e9pondre \u00e0 ma demande de devis ou de contact. Les donn\u00e9es collect\u00e9es ne seront pas utilis\u00e9es \u00e0 d\u2019autres fins et seront conserv\u00e9es pendant le temps n\u00e9cessaire au traitement de la demande. Conform\u00e9ment au R\u00e8glement G\u00e9n\u00e9ral sur la Protection des Donn\u00e9es (RGPD), vous pouvez exercer vos droits d\u2019acc\u00e8s, de rectification ou de suppression de vos donn\u00e9es en nous contactant \u00e0 : contact@lrphotobooth.fr <span class=\"wpforms-required-label\">*<\/span><\/label><ul id=\"wpforms-57-field_11\" class=\"wpforms-field-required\"><li class=\"choice-1 depth-1\"><input type=\"checkbox\" id=\"wpforms-57-field_11_1\" name=\"wpforms[fields][11][]\" value=\"\u00ab J\u2019ai lu et j\u2019accepte la politique de confidentialit\u00e9. \u00bb\" required ><label class=\"wpforms-field-label-inline\" for=\"wpforms-57-field_11_1\">\u00ab J\u2019ai lu et j\u2019accepte la politique de confidentialit\u00e9. \u00bb<\/label><\/li><\/ul><\/div><div id=\"wpforms-57-field_1-container\" class=\"wpforms-field wpforms-field-name\" data-field-id=\"1\"><label class=\"wpforms-field-label\">Nom <span class=\"wpforms-required-label\">*<\/span><\/label><div class=\"wpforms-field-row wpforms-field-medium\"><div class=\"wpforms-field-row-block wpforms-first wpforms-one-half\"><input type=\"text\" id=\"wpforms-57-field_1\" class=\"wpforms-field-name-first wpforms-field-required\" name=\"wpforms[fields][1][first]\" required><label for=\"wpforms-57-field_1\" class=\"wpforms-field-sublabel after\">Pr\u00e9nom<\/label><\/div><div class=\"wpforms-field-row-block wpforms-one-half\"><input type=\"text\" id=\"wpforms-57-field_1-last\" class=\"wpforms-field-name-last wpforms-field-required\" name=\"wpforms[fields][1][last]\" required><label for=\"wpforms-57-field_1-last\" class=\"wpforms-field-sublabel after\">Nom<\/label><\/div><\/div><\/div><div id=\"wpforms-57-field_4-container\" class=\"wpforms-field wpforms-field-text\" data-field-id=\"4\"><label class=\"wpforms-field-label\" for=\"wpforms-57-field_4\">Entreprise<\/label><input type=\"text\" id=\"wpforms-57-field_4\" class=\"wpforms-field-medium\" name=\"wpforms[fields][4]\" ><\/div><div id=\"wpforms-57-field_2-container\" class=\"wpforms-field wpforms-field-email\" data-field-id=\"2\"><label class=\"wpforms-field-label\" for=\"wpforms-57-field_2\">E-mail <span class=\"wpforms-required-label\">*<\/span><\/label><input type=\"email\" id=\"wpforms-57-field_2\" class=\"wpforms-field-medium wpforms-field-required\" name=\"wpforms[fields][2]\" spellcheck=\"false\" required><\/div><div id=\"wpforms-57-field_5-container\" class=\"wpforms-field wpforms-field-number\" data-field-id=\"5\"><label class=\"wpforms-field-label\" for=\"wpforms-57-field_5\">T\u00e9l\u00e9phone<\/label><input type=\"number\" id=\"wpforms-57-field_5\" class=\"wpforms-field-medium\" name=\"wpforms[fields][5]\" step=\"any\" ><\/div><div id=\"wpforms-57-field_7-container\" class=\"wpforms-field wpforms-field-select wpforms-field-select-style-classic\" data-field-id=\"7\"><label class=\"wpforms-field-label\" for=\"wpforms-57-field_7\">Type d&#039;\u00e9v\u00e8nement <span class=\"wpforms-required-label\">*<\/span><\/label><select id=\"wpforms-57-field_7\" class=\"wpforms-field-medium wpforms-field-required\" name=\"wpforms[fields][7]\" required=\"required\"><option value=\"\" class=\"placeholder\" disabled  selected='selected'>&#8212; S\u00e9lectionner un choix &#8212;<\/option><option value=\"Ev\u00e8nement professionnel\"  class=\"choice-1 depth-1\"  >Ev\u00e8nement professionnel<\/option><option value=\"Mariage\"  class=\"choice-2 depth-1\"  >Mariage<\/option><option value=\"Anniversaire\"  class=\"choice-3 depth-1\"  >Anniversaire<\/option><option value=\"Bapt\u00eame\"  class=\"choice-4 depth-1\"  >Bapt\u00eame<\/option><option value=\"Autre\"  class=\"choice-5 depth-1\"  >Autre<\/option><\/select><\/div>\t\t<div id=\"wpforms-57-field_8-container\"\n\t\t\tclass=\"wpforms-field wpforms-field-text\"\n\t\t\tdata-field-type=\"text\"\n\t\t\tdata-field-id=\"8\"\n\t\t\t>\n\t\t\t<label class=\"wpforms-field-label\" for=\"wpforms-57-field_8\" >vous temps d&#039;\u00e9v\u00e8nement<\/label>\n\t\t\t<input type=\"text\" id=\"wpforms-57-field_8\" class=\"wpforms-field-medium\" name=\"wpforms[fields][8]\" >\n\t\t<\/div>\n\t\t<div id=\"wpforms-57-field_9-container\" class=\"wpforms-field wpforms-field-number-slider\" data-field-id=\"9\"><label class=\"wpforms-field-label\" for=\"wpforms-57-field_9\">Nombres d&#039;invit\u00e9s<\/label>\n<input\n\ttype=\"range\"\n\tid=\"wpforms-57-field_9\" class=\"wpforms-field-medium\" name=\"wpforms[fields][9]\" value=\"0\"\t\tmin=\"0\"\n\tmax=\"400\"\n\tstep=\"1\">\n\n<div class=\"wpforms-field-number-slider-hint\"\n\tdata-hint=\"Valeur s\u00e9lectionn\u00e9e\u00a0: {value}\">\n\tValeur s\u00e9lectionn\u00e9e\u00a0: <b>0<\/b><\/div>\n<\/div><div id=\"wpforms-57-field_10-container\" class=\"wpforms-field wpforms-field-text\" data-field-id=\"10\"><label class=\"wpforms-field-label\" for=\"wpforms-57-field_10\">Date \u00e9v\u00e8nement <span class=\"wpforms-required-label\">*<\/span><\/label><input type=\"text\" id=\"wpforms-57-field_10\" class=\"wpforms-field-medium wpforms-field-required\" name=\"wpforms[fields][10]\" required><\/div><div id=\"wpforms-57-field_6-container\" class=\"wpforms-field wpforms-field-text\" data-field-id=\"6\"><label class=\"wpforms-field-label\" for=\"wpforms-57-field_6\">Ville <span class=\"wpforms-required-label\">*<\/span><\/label><input type=\"text\" id=\"wpforms-57-field_6\" class=\"wpforms-field-medium wpforms-field-required\" name=\"wpforms[fields][6]\" required><\/div><div id=\"wpforms-57-field_3-container\" class=\"wpforms-field wpforms-field-textarea\" data-field-id=\"3\"><label class=\"wpforms-field-label\" for=\"wpforms-57-field_3\">Votre demande (D\u00e9tails\/Question) <span class=\"wpforms-required-label\">*<\/span><\/label><textarea id=\"wpforms-57-field_3\" class=\"wpforms-field-medium wpforms-field-required\" name=\"wpforms[fields][3]\" required><\/textarea><\/div><script>\n\t\t\t\t( function() {\n\t\t\t\t\tconst style = document.createElement( 'style' );\n\t\t\t\t\tstyle.appendChild( document.createTextNode( '#wpforms-57-field_8-container { position: absolute !important; overflow: hidden !important; display: inline !important; height: 1px !important; width: 1px !important; z-index: -1000 !important; padding: 0 !important; } #wpforms-57-field_8-container input { visibility: hidden; } #wpforms-conversational-form-page #wpforms-57-field_8-container label { counter-increment: none; }' ) );\n\t\t\t\t\tdocument.head.appendChild( style );\n\t\t\t\t\tdocument.currentScript?.remove();\n\t\t\t\t} )();\n\t\t\t<\/script><\/div><!-- .wpforms-field-container --><div class=\"wpforms-submit-container\" ><input type=\"hidden\" name=\"wpforms[id]\" value=\"57\"><input type=\"hidden\" name=\"page_title\" value=\"\"><input type=\"hidden\" name=\"page_url\" value=\"https:\/\/lrphotobooth.fr\/index.php\/wp-json\/wp\/v2\/pages\/41\"><input type=\"hidden\" name=\"url_referer\" value=\"\"><button type=\"submit\" name=\"wpforms[submit]\" id=\"wpforms-submit-57\" class=\"wpforms-submit\" data-alt-text=\"Envoi...\" data-submit-text=\"Envoyer\" aria-live=\"assertive\" value=\"wpforms-submit\">Envoyer<\/button><img decoding=\"async\" src=\"https:\/\/lrphotobooth.fr\/wp-content\/plugins\/wpforms-lite\/assets\/images\/submit-spin.svg\" class=\"wpforms-submit-spinner\" style=\"display: none;\" width=\"26\" height=\"26\" alt=\"Chargement en cours\"><\/div><\/form><\/div>  <!-- .wpforms-container -->\n\n\n<h2 class=\"wp-block-heading\">Informations de contact: <\/h2>\n\n\n\n<p>LR Photobooth<\/p>\n\n\n\n<p>T\u00e9l\u00e9phone : 07 86 94 62 42<\/p>\n\n\n\n<p>12 Rte de Grendelbruch &#8211; 67530 BOERSCH<\/p>\n\n\n\n<p><\/p>\n","protected":false},"excerpt":{"rendered":"<p>Contactez moi Informations de contact: LR Photobooth T\u00e9l\u00e9phone : 07 86 94 62 42 12 Rte de Grendelbruch &#8211; 67530 BOERSCH<\/p>\n","protected":false},"author":3,"featured_media":0,"parent":0,"menu_order":0,"comment_status":"closed","ping_status":"closed","template":"","meta":{"pgc_sgb_lightbox_settings":"","footnotes":""},"class_list":["post-41","page","type-page","status-publish","hentry"],"blocksy_meta":[],"yoast_head":"<!-- This site is optimized with the Yoast SEO plugin v27.3 - https:\/\/yoast.com\/product\/yoast-seo-wordpress\/ -->\n<title>Contact - LR PHOTOBOOTH<\/title>\n<meta name=\"description\" content=\"FORMULAIRE DE CONTACT LOCATION PHOTOBOOTH LR\" \/>\n<meta name=\"robots\" content=\"index, follow, max-snippet:-1, max-image-preview:large, max-video-preview:-1\" \/>\n<link rel=\"canonical\" href=\"https:\/\/lrphotobooth.fr\/index.php\/contact-lr-photobooth\/\" \/>\n<meta property=\"og:locale\" content=\"fr_FR\" \/>\n<meta property=\"og:type\" content=\"article\" \/>\n<meta property=\"og:title\" content=\"Contact - LR PHOTOBOOTH\" \/>\n<meta property=\"og:description\" content=\"FORMULAIRE DE CONTACT LOCATION PHOTOBOOTH LR\" \/>\n<meta property=\"og:url\" content=\"https:\/\/lrphotobooth.fr\/index.php\/contact-lr-photobooth\/\" \/>\n<meta property=\"og:site_name\" content=\"LR PHOTOBOOTH\" \/>\n<meta property=\"article:modified_time\" content=\"2025-09-27T20:49:44+00:00\" \/>\n<meta property=\"og:image\" content=\"https:\/\/lrphotobooth.fr\/wp-content\/uploads\/2025\/09\/lr-photobooth-mini.png\" \/>\n\t<meta property=\"og:image:width\" content=\"500\" \/>\n\t<meta property=\"og:image:height\" content=\"500\" \/>\n\t<meta property=\"og:image:type\" content=\"image\/png\" \/>\n<meta name=\"twitter:card\" content=\"summary_large_image\" \/>\n<meta name=\"twitter:label1\" content=\"Dur\u00e9e de lecture estim\u00e9e\" \/>\n\t<meta name=\"twitter:data1\" content=\"1 minute\" \/>\n<script type=\"application\/ld+json\" class=\"yoast-schema-graph\">{\"@context\":\"https:\\\/\\\/schema.org\",\"@graph\":[{\"@type\":\"WebPage\",\"@id\":\"https:\\\/\\\/lrphotobooth.fr\\\/index.php\\\/contact-lr-photobooth\\\/\",\"url\":\"https:\\\/\\\/lrphotobooth.fr\\\/index.php\\\/contact-lr-photobooth\\\/\",\"name\":\"Contact - LR PHOTOBOOTH\",\"isPartOf\":{\"@id\":\"https:\\\/\\\/lrphotobooth.fr\\\/#website\"},\"primaryImageOfPage\":{\"@id\":\"https:\\\/\\\/lrphotobooth.fr\\\/index.php\\\/contact-lr-photobooth\\\/#primaryimage\"},\"image\":{\"@id\":\"https:\\\/\\\/lrphotobooth.fr\\\/index.php\\\/contact-lr-photobooth\\\/#primaryimage\"},\"thumbnailUrl\":\"https:\\\/\\\/lrphotobooth.fr\\\/wp-content\\\/uploads\\\/2025\\\/09\\\/lr-photobooth-mini.png\",\"datePublished\":\"2023-08-27T10:09:28+00:00\",\"dateModified\":\"2025-09-27T20:49:44+00:00\",\"description\":\"FORMULAIRE DE CONTACT LOCATION PHOTOBOOTH LR\",\"breadcrumb\":{\"@id\":\"https:\\\/\\\/lrphotobooth.fr\\\/index.php\\\/contact-lr-photobooth\\\/#breadcrumb\"},\"inLanguage\":\"fr-FR\",\"potentialAction\":[{\"@type\":\"ReadAction\",\"target\":[\"https:\\\/\\\/lrphotobooth.fr\\\/index.php\\\/contact-lr-photobooth\\\/\"]}]},{\"@type\":\"ImageObject\",\"inLanguage\":\"fr-FR\",\"@id\":\"https:\\\/\\\/lrphotobooth.fr\\\/index.php\\\/contact-lr-photobooth\\\/#primaryimage\",\"url\":\"https:\\\/\\\/lrphotobooth.fr\\\/wp-content\\\/uploads\\\/2025\\\/09\\\/lr-photobooth-mini.png\",\"contentUrl\":\"https:\\\/\\\/lrphotobooth.fr\\\/wp-content\\\/uploads\\\/2025\\\/09\\\/lr-photobooth-mini.png\",\"width\":500,\"height\":500},{\"@type\":\"BreadcrumbList\",\"@id\":\"https:\\\/\\\/lrphotobooth.fr\\\/index.php\\\/contact-lr-photobooth\\\/#breadcrumb\",\"itemListElement\":[{\"@type\":\"ListItem\",\"position\":1,\"name\":\"Home\",\"item\":\"https:\\\/\\\/lrphotobooth.fr\\\/\"},{\"@type\":\"ListItem\",\"position\":2,\"name\":\"Contact\"}]},{\"@type\":\"WebSite\",\"@id\":\"https:\\\/\\\/lrphotobooth.fr\\\/#website\",\"url\":\"https:\\\/\\\/lrphotobooth.fr\\\/\",\"name\":\"LR PHOTOBOOTH\",\"description\":\"UN FLASH DE BONHEUR\",\"publisher\":{\"@id\":\"https:\\\/\\\/lrphotobooth.fr\\\/#organization\"},\"potentialAction\":[{\"@type\":\"SearchAction\",\"target\":{\"@type\":\"EntryPoint\",\"urlTemplate\":\"https:\\\/\\\/lrphotobooth.fr\\\/?s={search_term_string}\"},\"query-input\":{\"@type\":\"PropertyValueSpecification\",\"valueRequired\":true,\"valueName\":\"search_term_string\"}}],\"inLanguage\":\"fr-FR\"},{\"@type\":\"Organization\",\"@id\":\"https:\\\/\\\/lrphotobooth.fr\\\/#organization\",\"name\":\"LR PHOTOBOOTH\",\"url\":\"https:\\\/\\\/lrphotobooth.fr\\\/\",\"logo\":{\"@type\":\"ImageObject\",\"inLanguage\":\"fr-FR\",\"@id\":\"https:\\\/\\\/lrphotobooth.fr\\\/#\\\/schema\\\/logo\\\/image\\\/\",\"url\":\"https:\\\/\\\/lrphotobooth.fr\\\/wp-content\\\/uploads\\\/2021\\\/07\\\/logo-dark.svg\",\"contentUrl\":\"https:\\\/\\\/lrphotobooth.fr\\\/wp-content\\\/uploads\\\/2021\\\/07\\\/logo-dark.svg\",\"width\":58,\"height\":45,\"caption\":\"LR PHOTOBOOTH\"},\"image\":{\"@id\":\"https:\\\/\\\/lrphotobooth.fr\\\/#\\\/schema\\\/logo\\\/image\\\/\"}}]}<\/script>\n<!-- \/ Yoast SEO plugin. -->","yoast_head_json":{"title":"Contact - LR PHOTOBOOTH","description":"FORMULAIRE DE CONTACT LOCATION PHOTOBOOTH LR","robots":{"index":"index","follow":"follow","max-snippet":"max-snippet:-1","max-image-preview":"max-image-preview:large","max-video-preview":"max-video-preview:-1"},"canonical":"https:\/\/lrphotobooth.fr\/index.php\/contact-lr-photobooth\/","og_locale":"fr_FR","og_type":"article","og_title":"Contact - LR PHOTOBOOTH","og_description":"FORMULAIRE DE CONTACT LOCATION PHOTOBOOTH LR","og_url":"https:\/\/lrphotobooth.fr\/index.php\/contact-lr-photobooth\/","og_site_name":"LR PHOTOBOOTH","article_modified_time":"2025-09-27T20:49:44+00:00","og_image":[{"width":500,"height":500,"url":"https:\/\/lrphotobooth.fr\/wp-content\/uploads\/2025\/09\/lr-photobooth-mini.png","type":"image\/png"}],"twitter_card":"summary_large_image","twitter_misc":{"Dur\u00e9e de lecture estim\u00e9e":"1 minute"},"schema":{"@context":"https:\/\/schema.org","@graph":[{"@type":"WebPage","@id":"https:\/\/lrphotobooth.fr\/index.php\/contact-lr-photobooth\/","url":"https:\/\/lrphotobooth.fr\/index.php\/contact-lr-photobooth\/","name":"Contact - LR PHOTOBOOTH","isPartOf":{"@id":"https:\/\/lrphotobooth.fr\/#website"},"primaryImageOfPage":{"@id":"https:\/\/lrphotobooth.fr\/index.php\/contact-lr-photobooth\/#primaryimage"},"image":{"@id":"https:\/\/lrphotobooth.fr\/index.php\/contact-lr-photobooth\/#primaryimage"},"thumbnailUrl":"https:\/\/lrphotobooth.fr\/wp-content\/uploads\/2025\/09\/lr-photobooth-mini.png","datePublished":"2023-08-27T10:09:28+00:00","dateModified":"2025-09-27T20:49:44+00:00","description":"FORMULAIRE DE CONTACT LOCATION PHOTOBOOTH LR","breadcrumb":{"@id":"https:\/\/lrphotobooth.fr\/index.php\/contact-lr-photobooth\/#breadcrumb"},"inLanguage":"fr-FR","potentialAction":[{"@type":"ReadAction","target":["https:\/\/lrphotobooth.fr\/index.php\/contact-lr-photobooth\/"]}]},{"@type":"ImageObject","inLanguage":"fr-FR","@id":"https:\/\/lrphotobooth.fr\/index.php\/contact-lr-photobooth\/#primaryimage","url":"https:\/\/lrphotobooth.fr\/wp-content\/uploads\/2025\/09\/lr-photobooth-mini.png","contentUrl":"https:\/\/lrphotobooth.fr\/wp-content\/uploads\/2025\/09\/lr-photobooth-mini.png","width":500,"height":500},{"@type":"BreadcrumbList","@id":"https:\/\/lrphotobooth.fr\/index.php\/contact-lr-photobooth\/#breadcrumb","itemListElement":[{"@type":"ListItem","position":1,"name":"Home","item":"https:\/\/lrphotobooth.fr\/"},{"@type":"ListItem","position":2,"name":"Contact"}]},{"@type":"WebSite","@id":"https:\/\/lrphotobooth.fr\/#website","url":"https:\/\/lrphotobooth.fr\/","name":"LR PHOTOBOOTH","description":"UN FLASH DE BONHEUR","publisher":{"@id":"https:\/\/lrphotobooth.fr\/#organization"},"potentialAction":[{"@type":"SearchAction","target":{"@type":"EntryPoint","urlTemplate":"https:\/\/lrphotobooth.fr\/?s={search_term_string}"},"query-input":{"@type":"PropertyValueSpecification","valueRequired":true,"valueName":"search_term_string"}}],"inLanguage":"fr-FR"},{"@type":"Organization","@id":"https:\/\/lrphotobooth.fr\/#organization","name":"LR PHOTOBOOTH","url":"https:\/\/lrphotobooth.fr\/","logo":{"@type":"ImageObject","inLanguage":"fr-FR","@id":"https:\/\/lrphotobooth.fr\/#\/schema\/logo\/image\/","url":"https:\/\/lrphotobooth.fr\/wp-content\/uploads\/2021\/07\/logo-dark.svg","contentUrl":"https:\/\/lrphotobooth.fr\/wp-content\/uploads\/2021\/07\/logo-dark.svg","width":58,"height":45,"caption":"LR PHOTOBOOTH"},"image":{"@id":"https:\/\/lrphotobooth.fr\/#\/schema\/logo\/image\/"}}]}},"_links":{"self":[{"href":"https:\/\/lrphotobooth.fr\/index.php\/wp-json\/wp\/v2\/pages\/41","targetHints":{"allow":["GET"]}}],"collection":[{"href":"https:\/\/lrphotobooth.fr\/index.php\/wp-json\/wp\/v2\/pages"}],"about":[{"href":"https:\/\/lrphotobooth.fr\/index.php\/wp-json\/wp\/v2\/types\/page"}],"author":[{"embeddable":true,"href":"https:\/\/lrphotobooth.fr\/index.php\/wp-json\/wp\/v2\/users\/3"}],"replies":[{"embeddable":true,"href":"https:\/\/lrphotobooth.fr\/index.php\/wp-json\/wp\/v2\/comments?post=41"}],"version-history":[{"count":8,"href":"https:\/\/lrphotobooth.fr\/index.php\/wp-json\/wp\/v2\/pages\/41\/revisions"}],"predecessor-version":[{"id":3367,"href":"https:\/\/lrphotobooth.fr\/index.php\/wp-json\/wp\/v2\/pages\/41\/revisions\/3367"}],"wp:attachment":[{"href":"https:\/\/lrphotobooth.fr\/index.php\/wp-json\/wp\/v2\/media?parent=41"}],"curies":[{"name":"wp","href":"https:\/\/api.w.org\/{rel}","templated":true}]}}